{"id":11325,"date":"2023-06-05T16:39:01","date_gmt":"2023-06-05T23:39:01","guid":{"rendered":"https:\/\/www.ismrm.org\/smrt\/?page_id=11325"},"modified":"2023-06-06T16:32:14","modified_gmt":"2023-06-06T23:32:14","slug":"oral-presentation-awards","status":"publish","type":"page","link":"https:\/\/www.ismrm.org\/smrt\/23m\/oral-presentation-awards\/","title":{"rendered":"2023 ISMRT Oral Presentation Awards"},"content":{"rendered":"<div class=\"fusion-fullwidth fullwidth-box fusion-builder-row-1 fusion-flex-container has-pattern-background has-mask-background hundred-percent-fullwidth non-hundred-percent-height-scrolling\" style=\"--awb-border-radius-top-left:0px;--awb-border-radius-top-right:0px;--awb-border-radius-bottom-right:0px;--awb-border-radius-bottom-left:0px;--awb-overflow:visible;--awb-margin-bottom:2em;--awb-flex-wrap:wrap;\" ><div class=\"fusion-builder-row fusion-row fusion-flex-align-items-flex-start fusion-flex-content-wrap\" style=\"width:104% !important;max-width:104% !important;margin-left: calc(-4% \/ 2 );margin-right: calc(-4% \/ 2 );\"><div class=\"fusion-layout-column fusion_builder_column fusion-builder-column-0 fusion_builder_column_1_1 1_1 fusion-flex-column fusion-flex-align-self-flex-start fusion-column-no-min-height\" style=\"--awb-bg-size:cover;--awb-width-large:100%;--awb-margin-top-large:0px;--awb-spacing-right-large:1.92%;--awb-margin-bottom-large:0px;--awb-spacing-left-large:1.92%;--awb-width-medium:100%;--awb-spacing-right-medium:1.92%;--awb-spacing-left-medium:1.92%;--awb-width-small:100%;--awb-spacing-right-small:1.92%;--awb-spacing-left-small:1.92%;\"><div class=\"fusion-column-wrapper fusion-flex-justify-content-flex-start fusion-content-layout-column\"><style>\np.plce {\n  font-size: 96%;\n  letter-spacing: 1.4px;\n  text-align: center;\n  margin: 0.75em 0 0.25em;\n}\np.winrar {\n  font-size: 130%;\n  line-height: 1.4;\n  font-weight: 600;\n  text-align: center;\n  margin: 0 0 0.2em;\n}\np.citation {\n  margin: 0 0 1.5em;\n  font-style: italic;\n}\n<\/style><div class=\"fusion-image-element \" style=\"text-align:center;--awb-margin-bottom:1em;--awb-caption-title-font-family:var(--h2_typography-font-family);--awb-caption-title-font-weight:var(--h2_typography-font-weight);--awb-caption-title-font-style:var(--h2_typography-font-style);--awb-caption-title-size:var(--h2_typography-font-size);--awb-caption-title-transform:var(--h2_typography-text-transform);--awb-caption-title-line-height:var(--h2_typography-line-height);--awb-caption-title-letter-spacing:var(--h2_typography-letter-spacing);\"><span class=\" fusion-imageframe imageframe-none imageframe-1 hover-type-none\"><a class=\"fusion-no-lightbox\" href=\"https:\/\/www.ismrm.org\/23m\/\" target=\"_self\" aria-label=\"2023-Annual-Meeting-Skinny-Banner-no-Abstract\"><img decoding=\"async\" width=\"1450\" height=\"145\" src=\"https:\/\/www.ismrm.org\/smrt\/wp-content\/uploads\/2023-Annual-Meeting-Skinny-Banner-no-Abstract.jpg\" alt class=\"img-responsive wp-image-10980\" srcset=\"https:\/\/www.ismrm.org\/smrt\/wp-content\/uploads\/2023-Annual-Meeting-Skinny-Banner-no-Abstract-200x20.jpg 200w, https:\/\/www.ismrm.org\/smrt\/wp-content\/uploads\/2023-Annual-Meeting-Skinny-Banner-no-Abstract-400x40.jpg 400w, https:\/\/www.ismrm.org\/smrt\/wp-content\/uploads\/2023-Annual-Meeting-Skinny-Banner-no-Abstract-600x60.jpg 600w, https:\/\/www.ismrm.org\/smrt\/wp-content\/uploads\/2023-Annual-Meeting-Skinny-Banner-no-Abstract-800x80.jpg 800w, https:\/\/www.ismrm.org\/smrt\/wp-content\/uploads\/2023-Annual-Meeting-Skinny-Banner-no-Abstract-1200x120.jpg 1200w, https:\/\/www.ismrm.org\/smrt\/wp-content\/uploads\/2023-Annual-Meeting-Skinny-Banner-no-Abstract.jpg 1450w\" sizes=\"(max-width: 1024px) 100vw, (max-width: 640px) 100vw, 1450px\" \/><\/a><\/span><\/div><div class=\"fusion-text fusion-text-1\"><p style=\"text-align: center; font-size: 240%; line-height: 1.2; margin: 1em 0 0.5em;\"><span style=\"font-size: 70%;\">2023 ISMRT Abstract Awards<\/span>\nOral Presentation Award Recipients<\/p>\n<\/div><div class=\"fusion-text fusion-text-2\"><p style=\"text-align: center;\"><em>Note: You must be logged into the proceedings to view abstracts linked below.<\/em><\/p>\n<\/div><\/div><\/div><\/div><\/div><div class=\"fusion-fullwidth fullwidth-box fusion-builder-row-2 fusion-flex-container has-pattern-background has-mask-background hundred-percent-fullwidth non-hundred-percent-height-scrolling text-col-800\" style=\"--awb-border-radius-top-left:0px;--awb-border-radius-top-right:0px;--awb-border-radius-bottom-right:0px;--awb-border-radius-bottom-left:0px;--awb-overflow:visible;--awb-padding-right:8%;--awb-padding-left:8%;--awb-margin-bottom:2em;--awb-flex-wrap:wrap;\" ><div class=\"fusion-builder-row fusion-row fusion-flex-align-items-flex-start fusion-flex-content-wrap\" style=\"width:104% !important;max-width:104% !important;margin-left: calc(-4% \/ 2 );margin-right: calc(-4% \/ 2 );\"><div class=\"fusion-layout-column fusion_builder_column fusion-builder-column-1 fusion_builder_column_1_1 1_1 fusion-flex-column fusion-flex-align-self-flex-start fusion-column-no-min-height\" style=\"--awb-padding-top:1em;--awb-padding-right:1.5em;--awb-padding-bottom:0.66em;--awb-padding-left:1.5em;--awb-overflow:hidden;--awb-bg-color:#e8f3ff;--awb-bg-color-hover:#e8f3ff;--awb-bg-size:cover;--awb-border-radius:1em 1em 1em 1em;--awb-width-large:100%;--awb-margin-top-large:0px;--awb-spacing-right-large:1.92%;--awb-margin-bottom-large:20px;--awb-spacing-left-large:1.92%;--awb-width-medium:100%;--awb-order-medium:0;--awb-spacing-right-medium:1.92%;--awb-spacing-left-medium:1.92%;--awb-width-small:100%;--awb-order-small:0;--awb-spacing-right-small:1.92%;--awb-spacing-left-small:1.92%;\" data-scroll-devices=\"small-visibility,medium-visibility,large-visibility\"><div class=\"fusion-column-wrapper fusion-column-has-shadow fusion-flex-justify-content-flex-start fusion-content-layout-column\"><div class=\"fusion-text fusion-text-3\"><p style=\"text-align: center; font-size: 200%; line-height: 1.2; margin: 0.5em 0 0.5em;\">President&#8217;s Award<\/p>\n<p style=\"text-align: center; font-size: 180%; line-height: 1.3;\">Patricia Maishi<\/p>\n<p style=\"text-align: center;\"><a href=\"http:\/\/submissions.mirasmart.com\/ISMRM2023\/Itinerary?Refresh=1&amp;ses=ISMRT-PA\"><em>Antiretroviral therapy use is associated with ectopic pericardial and paracardiac adipose deposition in people living with HIV<\/em><\/a><\/p>\n<\/div><\/div><\/div><\/div><\/div><div class=\"fusion-fullwidth fullwidth-box fusion-builder-row-3 fusion-flex-container has-pattern-background has-mask-background nonhundred-percent-fullwidth non-hundred-percent-height-scrolling text-col-1200\" style=\"--awb-background-position:left top;--awb-border-radius-top-left:0px;--awb-border-radius-top-right:0px;--awb-border-radius-bottom-right:0px;--awb-border-radius-bottom-left:0px;--awb-margin-bottom:4em;--awb-flex-wrap:wrap;\" ><div class=\"fusion-builder-row fusion-row fusion-flex-align-items-flex-start fusion-flex-content-wrap\" style=\"max-width:1508px;margin-left: calc(-4% \/ 2 );margin-right: calc(-4% \/ 2 );\"><div class=\"fusion-layout-column fusion_builder_column fusion-builder-column-2 fusion_builder_column_1_2 1_2 fusion-flex-column fusion-flex-align-self-stretch\" style=\"--awb-padding-top:1.5em;--awb-padding-right:1.5em;--awb-padding-bottom:0.66em;--awb-padding-left:1.5em;--awb-overflow:hidden;--awb-bg-size:cover;--awb-border-color:#42a9dc;--awb-border-top:4px;--awb-border-right:4px;--awb-border-bottom:4px;--awb-border-left:4px;--awb-border-style:solid;--awb-border-radius:1em 1em 1em 1em;--awb-width-large:50%;--awb-margin-top-large:0px;--awb-spacing-right-large:3.84%;--awb-margin-bottom-large:20px;--awb-spacing-left-large:3.84%;--awb-width-medium:100%;--awb-order-medium:0;--awb-spacing-right-medium:1.92%;--awb-spacing-left-medium:1.92%;--awb-width-small:100%;--awb-order-small:0;--awb-spacing-right-small:1.92%;--awb-spacing-left-small:1.92%;\" data-scroll-devices=\"small-visibility,medium-visibility,large-visibility\"><div class=\"fusion-column-wrapper fusion-column-has-shadow fusion-flex-justify-content-flex-start fusion-content-layout-column\"><div class=\"fusion-text fusion-text-4\"><p style=\"text-align: center; font-size: 220%; line-height: 1.2;\">Research Focus\n<span style=\"font-size: 75%;\">Oral Presentation Awards<\/span><\/p>\n<\/div><div class=\"fusion-text fusion-text-5\"><p class=\"plce\">1st Place Research Focus Award<\/p>\n<p class=\"winrar\">Brian Johnson<\/p>\n<p class=\"citation\"><a href=\"http:\/\/submissions.mirasmart.com\/ISMRM2023\/Itinerary?Refresh=1&amp;ses=ISMRT-RW\">VitaLenz: A Convolutional Neural Network for the Detection of Magnetic Resonance Imaging Artifacts<\/a><\/p>\n<\/div><div class=\"fusion-text fusion-text-6\"><p class=\"plce\">2nd Place Research Focus Award<\/p>\n<p class=\"winrar\">Issei Fukunaga<\/p>\n<p class=\"citation\"><a href=\"http:\/\/submissions.mirasmart.com\/ISMRM2023\/Itinerary?Refresh=1&amp;ses=ISMRT-RW\">MR-safety of mixed-brand of cardiac implantable electronic devices: Comparison of RF induced heating with approved single-brand at 1.5 T and 3.0 T<\/a><\/p>\n<\/div><div class=\"fusion-text fusion-text-7\"><p class=\"plce\">3rd Place Research Focus Award<\/p>\n<p class=\"winrar\">Matea Borba\u0161 (\u0160imi\u0107)<\/p>\n<p class=\"citation\"><a href=\"http:\/\/submissions.mirasmart.com\/ISMRM2023\/Itinerary?Refresh=1&amp;ses=ISMRT-RW\">Efficient fat suppression and motion correction using a Dixon PROPELLER sequence with interleaved echoes and asymmetric readout waveforms<\/a><\/p>\n<\/div><\/div><\/div><div class=\"fusion-layout-column fusion_builder_column fusion-builder-column-3 fusion_builder_column_1_2 1_2 fusion-flex-column fusion-flex-align-self-stretch\" style=\"--awb-padding-top:1.5em;--awb-padding-right:1.5em;--awb-padding-bottom:0.66em;--awb-padding-left:1.5em;--awb-overflow:hidden;--awb-bg-size:cover;--awb-border-color:#42a9dc;--awb-border-top:4px;--awb-border-right:4px;--awb-border-bottom:4px;--awb-border-left:4px;--awb-border-style:solid;--awb-border-radius:1em 1em 1em 1em;--awb-width-large:50%;--awb-margin-top-large:0px;--awb-spacing-right-large:3.84%;--awb-margin-bottom-large:20px;--awb-spacing-left-large:3.84%;--awb-width-medium:100%;--awb-order-medium:0;--awb-spacing-right-medium:1.92%;--awb-spacing-left-medium:1.92%;--awb-width-small:100%;--awb-order-small:0;--awb-spacing-right-small:1.92%;--awb-spacing-left-small:1.92%;\" data-scroll-devices=\"small-visibility,medium-visibility,large-visibility\"><div class=\"fusion-column-wrapper fusion-column-has-shadow fusion-flex-justify-content-flex-start fusion-content-layout-column\"><div class=\"fusion-text fusion-text-8\"><p style=\"text-align: center; font-size: 220%; line-height: 1.2;\">Clinical Focus\n<span style=\"font-size: 75%;\">Oral Presentation Awards<\/span><\/p>\n<\/div><div class=\"fusion-text fusion-text-9\"><p class=\"plce\">1st Place Clinical Focus Award<\/p>\n<p class=\"winrar\">Angela Borella<\/p>\n<p class=\"citation\"><a href=\"http:\/\/submissions.mirasmart.com\/ISMRM2023\/Itinerary?Refresh=1&amp;ses=ISMRT-CW\">The clinical benefit of high-resolution 3D proton density at 3T in the discrimination between intracranial aneurysm and normal variants<\/a><\/p>\n<\/div><div class=\"fusion-text fusion-text-10\"><p class=\"plce\">2nd Place Clinical Focus Award<\/p>\n<p class=\"winrar\">Scott Hipko<\/p>\n<p class=\"citation\"><a href=\"http:\/\/submissions.mirasmart.com\/ISMRM2023\/Itinerary?Refresh=1&amp;ses=ISMRT-CW\">Comparison of compressed sensing accelerated MR elastography to standard breath-hold gradient recalled echo MRE for estimating liver stiffness<\/a><\/p>\n<\/div><div class=\"fusion-text fusion-text-11\"><p class=\"plce\">3rd Place Clinical Focus Award<\/p>\n<p class=\"winrar\">Moreno Zanardo<\/p>\n<p class=\"citation\"><a href=\"http:\/\/submissions.mirasmart.com\/ISMRM2023\/Itinerary?Refresh=1&amp;ses=ISMRT-CW\">Prognostic role of right ventricular late gadolinium enhancement in patients with Tetralogy of Fallot undergoing pulmonary valve replacement<\/a><\/p>\n<\/div><\/div><\/div><\/div><\/div>","protected":false},"excerpt":{"rendered":"","protected":false},"author":4,"featured_media":0,"parent":10753,"menu_order":0,"comment_status":"closed","ping_status":"closed","template":"","meta":{"footnotes":""},"class_list":["post-11325","page","type-page","status-publish","hentry"],"_links":{"self":[{"href":"https:\/\/www.ismrm.org\/smrt\/wp-json\/wp\/v2\/pages\/11325","targetHints":{"allow":["GET"]}}],"collection":[{"href":"https:\/\/www.ismrm.org\/smrt\/wp-json\/wp\/v2\/pages"}],"about":[{"href":"https:\/\/www.ismrm.org\/smrt\/wp-json\/wp\/v2\/types\/page"}],"author":[{"embeddable":true,"href":"https:\/\/www.ismrm.org\/smrt\/wp-json\/wp\/v2\/users\/4"}],"replies":[{"embeddable":true,"href":"https:\/\/www.ismrm.org\/smrt\/wp-json\/wp\/v2\/comments?post=11325"}],"version-history":[{"count":31,"href":"https:\/\/www.ismrm.org\/smrt\/wp-json\/wp\/v2\/pages\/11325\/revisions"}],"predecessor-version":[{"id":11433,"href":"https:\/\/www.ismrm.org\/smrt\/wp-json\/wp\/v2\/pages\/11325\/revisions\/11433"}],"up":[{"embeddable":true,"href":"https:\/\/www.ismrm.org\/smrt\/wp-json\/wp\/v2\/pages\/10753"}],"wp:attachment":[{"href":"https:\/\/www.ismrm.org\/smrt\/wp-json\/wp\/v2\/media?parent=11325"}],"curies":[{"name":"wp","href":"https:\/\/api.w.org\/{rel}","templated":true}]}}